{"id":13,"date":"2021-09-27T09:14:40","date_gmt":"2021-09-27T12:14:40","guid":{"rendered":"https:\/\/5mb.com.br\/cincomb\/?page_id=13"},"modified":"2025-03-14T15:25:37","modified_gmt":"2025-03-14T18:25:37","slug":"contato","status":"publish","type":"page","link":"https:\/\/5mb.com.br\/cincomb\/contato\/","title":{"rendered":"Contato"},"content":{"rendered":"\t\t<div data-elementor-type=\"wp-page\" data-elementor-id=\"13\" class=\"elementor elementor-13\" data-elementor-post-type=\"page\">\n\t\t\t\t\t\t<section class=\"elementor-section elementor-top-section elementor-element elementor-element-9109ffa elementor-section-boxed elementor-section-height-default elementor-section-height-default\" data-id=\"9109ffa\" data-element_type=\"section\">\n\t\t\t\t\t\t<div class=\"elementor-container elementor-column-gap-default\">\n\t\t\t\t\t<div class=\"elementor-column elementor-col-50 elementor-top-column elementor-element elementor-element-14a74a3\" data-id=\"14a74a3\" data-element_type=\"column\">\n\t\t\t<div class=\"elementor-widget-wrap elementor-element-populated\">\n\t\t\t\t\t\t<div class=\"elementor-element elementor-element-f1c7956 elementor-widget elementor-widget-spacer\" data-id=\"f1c7956\" data-element_type=\"widget\" data-widget_type=\"spacer.default\">\n\t\t\t\t<div class=\"elementor-widget-container\">\n\t\t\t\t\t\t\t<div class=\"elementor-spacer\">\n\t\t\t<div class=\"elementor-spacer-inner\"><\/div>\n\t\t<\/div>\n\t\t\t\t\t\t<\/div>\n\t\t\t\t<\/div>\n\t\t\t\t<div class=\"elementor-element elementor-element-68915fe elementor-widget elementor-widget-heading\" data-id=\"68915fe\" data-element_type=\"widget\" data-widget_type=\"heading.default\">\n\t\t\t\t<div class=\"elementor-widget-container\">\n\t\t\t\t\t<h2 class=\"elementor-heading-title elementor-size-default\">PLATAFORMA REFLEXO<\/h2>\t\t\t\t<\/div>\n\t\t\t\t<\/div>\n\t\t\t\t<div class=\"elementor-element elementor-element-d85cfee elementor-widget elementor-widget-eael-adv-accordion\" data-id=\"d85cfee\" data-element_type=\"widget\" data-widget_type=\"eael-adv-accordion.default\">\n\t\t\t\t<div class=\"elementor-widget-container\">\n\t\t\t\t\t        <div class=\"eael-adv-accordion\" id=\"eael-adv-accordion-d85cfee\" data-scroll-on-click=\"no\" data-scroll-speed=\"300\" data-accordion-id=\"d85cfee\" data-accordion-type=\"toggle\" data-toogle-speed=\"300\">\n    <div class=\"eael-accordion-list\">\n                <div id=\"lances-automticos\" class=\"elementor-tab-title eael-accordion-header active-default\" tabindex=\"0\" data-tab=\"1\" aria-controls=\"elementor-tab-content-2261\"><span class=\"eael-advanced-accordion-icon-closed\"><\/span><span class=\"eael-advanced-accordion-icon-opened\"><i aria-hidden=\"true\" class=\"fa-accordion-icon fas fa-minus\"><\/i><\/span><span class=\"eael-accordion-tab-title\">Lances Autom\u00e1ticos<\/span><i aria-hidden=\"true\" class=\"fa-toggle fas fa-chevron-down\"><\/i><\/div><div id=\"elementor-tab-content-2261\" class=\"eael-accordion-content clearfix active-default\" data-tab=\"1\" aria-labelledby=\"lances-automticos\"><p><strong>Portais: Licita\u00e7\u00f5es-e, ComprasNet, BLL Compras, BNC Compras, Compras P\u00fablicas, Compras-RS, Banrisul e Procergs<\/strong><\/p><ul><li>Seja mais r\u00e1pido e preciso nos seus lances;<\/li><\/ul><ul><li>Participe de processos eletr\u00f4nicos em alta performance;<\/li><\/ul><ul><li>O sistema calcula e envia seu pr\u00f3ximo lance automaticamente;<\/li><\/ul><ul><li>Disputa por posi\u00e7\u00e3o intermedi\u00e1ria;<\/li><\/ul><ul><li>Cadastramento antecipado dos valores m\u00ednimos;<\/li><\/ul><ul><li>Envie seus lances sem o risco de errar;<\/li><\/ul><ul><li>Dispute m\u00faltiplos processos simultaneamente;<\/li><\/ul><ul><li>Monitore e configure de qualquer lugar utilizando seu dispositivo m\u00f3vel.<\/li><\/ul><\/div>\n                <\/div><div class=\"eael-accordion-list\">\n                <div id=\"cadastramento-de-propostas\" class=\"elementor-tab-title eael-accordion-header active-default\" tabindex=\"0\" data-tab=\"2\" aria-controls=\"elementor-tab-content-2262\"><span class=\"eael-advanced-accordion-icon-closed\"><\/span><span class=\"eael-advanced-accordion-icon-opened\"><i aria-hidden=\"true\" class=\"fa-accordion-icon fas fa-minus\"><\/i><\/span><span class=\"eael-accordion-tab-title\">Cadastramento de Propostas<\/span><i aria-hidden=\"true\" class=\"fa-toggle fas fa-chevron-down\"><\/i><\/div><div id=\"elementor-tab-content-2262\" class=\"eael-accordion-content clearfix active-default\" data-tab=\"2\" aria-labelledby=\"cadastramento-de-propostas\"><p class=\"western\"><b>Portal: ComprasNet<\/b><\/p><ul><li><p class=\"western\">Dispensa copiar e colar as especifica\u00e7\u00f5es dos itens a serem ofertados<\/p><\/li><li><p class=\"western\">Multiplica pre\u00e7o-unit\u00e1rio x quantidade automaticamente<\/p><\/li><li><p class=\"western\">Gera o documento proposta e envia para o portal comprasnet<\/p><\/li><li><p class=\"western\">Gera o documento proposta readequada para o pregoeiro ap\u00f3s a disputa do preg\u00e3o<\/p><\/li><\/ul><\/div>\n                <\/div><div class=\"eael-accordion-list\">\n                <div id=\"monitoramento-de-chat\" class=\"elementor-tab-title eael-accordion-header active-default\" tabindex=\"0\" data-tab=\"3\" aria-controls=\"elementor-tab-content-2263\"><span class=\"eael-advanced-accordion-icon-closed\"><\/span><span class=\"eael-advanced-accordion-icon-opened\"><i aria-hidden=\"true\" class=\"fa-accordion-icon fas fa-minus\"><\/i><\/span><span class=\"eael-accordion-tab-title\">Monitoramento de Chat<\/span><i aria-hidden=\"true\" class=\"fa-toggle fas fa-chevron-down\"><\/i><\/div><div id=\"elementor-tab-content-2263\" class=\"eael-accordion-content clearfix active-default\" data-tab=\"3\" aria-labelledby=\"monitoramento-de-chat\"><p><strong>Portais: Licita\u00e7\u00f5es-e, ComprasNet, Compras P\u00fablicas<\/strong><\/p><ul><li>Evite perda nas convoca\u00e7\u00f5es;<\/li><\/ul><ul><li>Avisa quando uma mensagem \u00e9 endere\u00e7ada ao licitante referente ao preg\u00e3o;<\/li><\/ul><ul><li>Emite aviso sonoro de acordo com a configura\u00e7\u00e3o escolhida;<\/li><\/ul><ul><li>Monitore m\u00faltiplos preg\u00f5es simultaneamente;<\/li><\/ul><ul><li>Acompanhe suas mensagens em qualquer lugar, usando seu dispositivo m\u00f3vel.<\/li><\/ul><\/div>\n                <\/div><div class=\"eael-accordion-list\">\n                <div id=\"busca-de-editais\" class=\"elementor-tab-title eael-accordion-header active-default\" tabindex=\"0\" data-tab=\"4\" aria-controls=\"elementor-tab-content-2264\"><span class=\"eael-advanced-accordion-icon-closed\"><\/span><span class=\"eael-advanced-accordion-icon-opened\"><i aria-hidden=\"true\" class=\"fa-accordion-icon fas fa-minus\"><\/i><\/span><span class=\"eael-accordion-tab-title\">Busca de Editais<\/span><i aria-hidden=\"true\" class=\"fa-toggle fas fa-chevron-down\"><\/i><\/div><div id=\"elementor-tab-content-2264\" class=\"eael-accordion-content clearfix active-default\" data-tab=\"4\" aria-labelledby=\"busca-de-editais\"><p><strong>Busca Editais, Leil\u00f5es, Concursos em mais de 100 PORTAIS!<\/strong><\/p><ul><li>Identifique as melhores oportunidades atrav\u00e9s de filtros;<\/li><\/ul><ul><li>Agilidade e praticidade na busca por novas oportunidades.<\/li><\/ul><\/div>\n                <\/div><\/div>\t\t\t\t<\/div>\n\t\t\t\t<\/div>\n\t\t\t\t\t<\/div>\n\t\t<\/div>\n\t\t\t\t<div class=\"elementor-column elementor-col-50 elementor-top-column elementor-element elementor-element-2967b95\" data-id=\"2967b95\" data-element_type=\"column\">\n\t\t\t<div class=\"elementor-widget-wrap elementor-element-populated\">\n\t\t\t\t\t\t<div class=\"elementor-element elementor-element-4e9afb9 elementor-widget elementor-widget-spacer\" data-id=\"4e9afb9\" data-element_type=\"widget\" data-widget_type=\"spacer.default\">\n\t\t\t\t<div class=\"elementor-widget-container\">\n\t\t\t\t\t\t\t<div class=\"elementor-spacer\">\n\t\t\t<div class=\"elementor-spacer-inner\"><\/div>\n\t\t<\/div>\n\t\t\t\t\t\t<\/div>\n\t\t\t\t<\/div>\n\t\t\t\t<div class=\"elementor-element elementor-element-c91ff21 elementor-widget elementor-widget-html\" data-id=\"c91ff21\" data-element_type=\"widget\" data-widget_type=\"html.default\">\n\t\t\t\t<div class=\"elementor-widget-container\">\n\t\t\t\t\t<!DOCTYPE html>\r\n<html lang=\"pt-br\">\r\n\r\n<head>\r\n    <!-- Global site tag (gtag.js) - Google Analytics -->\r\n    <script async src=\"https:\/\/www.googletagmanager.com\/gtag\/js?id=UA-134633301-1\"><\/script>\r\n    <script>\r\n        window.dataLayer = window.dataLayer || [];\r\n        function gtag() { dataLayer.push(arguments); }\r\n        gtag('js', new Date());\r\n\r\n        gtag('config', 'UA-134633301-1');\r\n    <\/script>\r\n\r\n    <meta charset=\"utf-8\">\r\n    <meta http-equiv=\"X-UA-Compatible\" content=\"IE=edge\">\r\n    <meta name=\"viewport\" content=\"width=device-width, initial-scale=1\">\r\n    <title>Reflexo - Plataforma de solu\u00e7\u00f5es para licitantes<\/title>\r\n\r\n    <!-- Link para o Font Awesome -->\r\n    <link rel=\"stylesheet\" href=\"https:\/\/cdnjs.cloudflare.com\/ajax\/libs\/font-awesome\/6.0.0-beta3\/css\/all.min.css\">\r\n\r\n    <!-- jQuery (necessary for Bootstrap's JavaScript plugins) -->\r\n    <script src=\"https:\/\/5mb.com.br\/home\/js\/jquery.min.js\"><\/script>\r\n    <script src=\"https:\/\/5mb.com.br\/home\/js\/jquery.mask.min.js\"><\/script>\r\n    <script src=\"https:\/\/5mb.com.br\/cincomb\/custom5mb\/hotajax.js\"><\/script>\r\n<\/head>\r\n\r\n<body>\r\n\r\n    <div class=\"col-md-6 col-sm-6 col-xs-12\" style=\"margin-top: 40px;\">\r\n        <div class=\"form-box col-md-6 col-md-offset-3 col-sm-12 col-sm-offset-6 col-xs-12\">\r\n            <form id=\"form-Cadastro\">\r\n                <fieldset>\r\n                    <h2 class=\"text-center title\">ENTRE EM CONTATO<\/h2>\r\n\r\n                    <div id=\"resultado\"><\/div>\r\n\r\n                    <div class=\"form-group\">\r\n                        <label for=\"nome\" class=\"control-label\">Nome *<\/label>\r\n                        <input type=\"text\" id=\"nome\" required=\"true\" class=\"form-control\" name=\"nome\" maxlength=\"250\" placeholder=\"Nome\">\r\n                    <\/div>\r\n\r\n                    <div class=\"form-group\">\r\n                        <label for=\"email\" class=\"control-label\">Email *<\/label>\r\n                        <input type=\"email\" class=\"form-control\" id=\"email\" required=\"true\" name=\"email\" placeholder=\"Exemplo@5mb.com.br\">\r\n                    <\/div>\r\n\r\n                    <div class=\"form-group\">\r\n                        <label for=\"tel\" class=\"control-label\">Telefone *<\/label>\r\n                        <input type=\"text\" class=\"form-control phone\" id=\"telefone\" name=\"telefone\" placeholder=\"Tel:(00) 0000-00000\" required=\"true\">\r\n                    <\/div>\r\n\r\n                    <div class=\"form-group\">\r\n                        <label for=\"tel\" class=\"control-label\">Telefone:<\/label>\r\n                        <input type=\"text\" class=\"form-control phone\" id=\"telefoneDois\" name=\"telefoneDois\" placeholder=\"Tel:(00) 0000-00000\">\r\n                    <\/div>\r\n\r\n                    <div class=\"form-group\">\r\n                        <label for=\"cpfOuCnpj\" class=\"control-label\">CPF ou CNPJ *<\/label>\r\n                        <input type=\"text\" id=\"cpfOuCnpj\" required=\"true\" class=\"form-control\" name=\"cpfOuCnpj\" maxlength=\"18\" placeholder=\"000.000.000-00 ou 00.000.000\/0000-00\">\r\n                    <\/div>\r\n\r\n                    <div class=\"form-group\">\r\n                        <label for=\"msg\" class=\"control-label\">Mensagem *<\/label>\r\n                        <textarea rows=\"5\" cols=\"60\" id=\"msg\" required=\"true\" class=\"form-control\" name=\"msg\" maxlength=\"500\" placeholder=\"Escreva sua mensagem aqui...\"><\/textarea>\r\n                    <\/div>\r\n\r\n                    <!-- Bot\u00e3o \"Pronto\" com \u00edcone do WhatsApp -->\r\n                    <div class=\"form-group\">\r\n                        <button type=\"button\" id=\"botaoPronto\" class=\"btn btn-success btn-lg btn-block\">\r\n                            <i class=\"fab fa-whatsapp\"><\/i> Pronto\r\n                        <\/button>\r\n                    <\/div>\r\n                <\/fieldset>\r\n            <\/form>\r\n        <\/div>\r\n        <div class=\"col-md-3\"><\/div>\r\n    <\/div>\r\n\r\n    <script>\r\n        (function ($) {\r\n            $('.open-lightbox').on('click', function (e) {\r\n                e.preventDefault();\r\n                var image = $(this).attr('href');\r\n                $('body').append('<div class=\"lightbox\"><div class=\"modal-img\"><img decoding=\"async\" src=\"' + image + '\" alt=\"\"><\/div> <\/div>');\r\n            });\r\n            $('body').on('click', '.lightbox', function () {\r\n                $('.lightbox').remove();\r\n            });\r\n        })(jQuery);\r\n    <\/script>\r\n\r\n    <script>\r\n        var getUrlParameter = function getUrlParameter(sParam) {\r\n            var sPageURL = window.location.search.substring(1),\r\n                sURLVariables = sPageURL.split('&'),\r\n                sParameterName,\r\n                i;\r\n\r\n            for (i = 0; i < sURLVariables.length; i++) {\r\n                sParameterName = sURLVariables[i].split('=');\r\n\r\n                if (sParameterName[0] === sParam) {\r\n                    return sParameterName[1] === undefined ? true : decodeURIComponent(sParameterName[1]);\r\n                }\r\n            }\r\n            return \"\";\r\n        };\r\n\r\n        $(document).ready(function () {\r\n            \r\n\r\n            \/\/ Adicionando evento ao bot\u00e3o \"Pronto\" para WhatsApp\r\n            $(\"#botaoPronto\").click(function () {\r\n        var msgErro = \"\";\r\n\tmsgErro += verificarCampos(\"nome\", \"Nome\");\r\n\tmsgErro += verificarCampos(\"email\", \"Email\");\r\n\tmsgErro += verificarCampos(\"telefone\", \"Telefone\");\r\n\tmsgErro += verificarCampos(\"cpfOuCnpj\", \"CPF ou CNPJ\");\r\n\tmsgErro += verificarCampos(\"msg\", \"Mensagem\");\r\n\tif(msgErro.length > 0){\r\n\t\talert(msgErro);\r\n\t\treturn;\r\n\t}\r\n                var pvc_value = getUrlParameter('pvc');\r\n                var oc_value = getUrlParameter('or');\r\n\r\n                \/\/ Envia os dados para o banco de dados\r\n                enviarCadastro(oc_value, pvc_value);\r\n\r\n                \/\/ Chama a fun\u00e7\u00e3o para abrir o WhatsApp\r\n                enviarParaWhatsApp();\r\n            });\r\n        });\r\n\r\n        function enviarParaWhatsApp() {\r\n            var nome = $(\"#nome\").val();\r\n            var mensagem = $(\"#msg\").val(); \r\n\r\n           \r\n\r\n            var telefoneWhatsApp = \"5521989122118\"; \/\/ Substitua pelo n\u00famero correto\r\n            var texto = `Ol\u00e1, meu nome \u00e9 ${nome}. ${mensagem}`;\r\n            var url = `https:\/\/api.whatsapp.com\/send?phone=${telefoneWhatsApp}&text=${encodeURIComponent(texto)}`;\r\n\r\n            window.open(url, \"_blank\"); \/\/ Abre o WhatsApp em uma nova aba\r\n        }\r\n    <\/script>\r\n\r\n<\/body>\r\n\r\n<\/html>\r\n\t\t\t\t<\/div>\n\t\t\t\t<\/div>\n\t\t\t\t\t<\/div>\n\t\t<\/div>\n\t\t\t\t\t<\/div>\n\t\t<\/section>\n\t\t\t\t<section class=\"elementor-section elementor-top-section elementor-element elementor-element-44deb4c elementor-section-boxed elementor-section-height-default elementor-section-height-default\" data-id=\"44deb4c\" data-element_type=\"section\" data-settings=\"{&quot;background_background&quot;:&quot;classic&quot;}\">\n\t\t\t\t\t\t\t<div class=\"elementor-background-overlay\"><\/div>\n\t\t\t\t\t\t\t<div class=\"elementor-container elementor-column-gap-default\">\n\t\t\t\t\t<div class=\"elementor-column elementor-col-100 elementor-top-column elementor-element elementor-element-1de9318\" data-id=\"1de9318\" data-element_type=\"column\">\n\t\t\t<div class=\"elementor-widget-wrap elementor-element-populated\">\n\t\t\t\t\t\t<div class=\"elementor-element elementor-element-0d3f4cd elementor-widget elementor-widget-video\" data-id=\"0d3f4cd\" data-element_type=\"widget\" data-settings=\"{&quot;youtube_url&quot;:&quot;https:\\\/\\\/www.youtube.com\\\/watch?v=jAsJa1K8e7I&quot;,&quot;show_image_overlay&quot;:&quot;yes&quot;,&quot;image_overlay&quot;:{&quot;url&quot;:&quot;https:\\\/\\\/5mb.com.br\\\/cincomb\\\/wp-content\\\/uploads\\\/2021\\\/10\\\/image724.png&quot;,&quot;id&quot;:54,&quot;size&quot;:&quot;&quot;,&quot;alt&quot;:&quot;&quot;,&quot;source&quot;:&quot;library&quot;},&quot;lightbox&quot;:&quot;yes&quot;,&quot;video_type&quot;:&quot;youtube&quot;,&quot;controls&quot;:&quot;yes&quot;}\" data-widget_type=\"video.default\">\n\t\t\t\t<div class=\"elementor-widget-container\">\n\t\t\t\t\t\t\t<div class=\"elementor-wrapper elementor-open-lightbox\">\n\t\t\t\t\t\t\t<div class=\"elementor-custom-embed-image-overlay\" data-elementor-open-lightbox=\"yes\" data-elementor-lightbox=\"{&quot;type&quot;:&quot;video&quot;,&quot;videoType&quot;:&quot;youtube&quot;,&quot;url&quot;:&quot;https:\\\/\\\/www.youtube.com\\\/embed\\\/jAsJa1K8e7I?feature=oembed&amp;start&amp;end&amp;wmode=opaque&amp;loop=0&amp;controls=1&amp;mute=0&amp;rel=0&amp;modestbranding=0&amp;cc_load_policy=0&quot;,&quot;autoplay&quot;:&quot;&quot;,&quot;modalOptions&quot;:{&quot;id&quot;:&quot;elementor-lightbox-0d3f4cd&quot;,&quot;entranceAnimation&quot;:&quot;&quot;,&quot;entranceAnimation_tablet&quot;:&quot;&quot;,&quot;entranceAnimation_mobile&quot;:&quot;&quot;,&quot;videoAspectRatio&quot;:&quot;169&quot;}}\" data-e-action-hash=\"#elementor-action%3Aaction%3Dlightbox%26settings%3DeyJ0eXBlIjoidmlkZW8iLCJ2aWRlb1R5cGUiOiJ5b3V0dWJlIiwidXJsIjoiaHR0cHM6XC9cL3d3dy55b3V0dWJlLmNvbVwvZW1iZWRcL2pBc0phMUs4ZTdJP2ZlYXR1cmU9b2VtYmVkJnN0YXJ0JmVuZCZ3bW9kZT1vcGFxdWUmbG9vcD0wJmNvbnRyb2xzPTEmbXV0ZT0wJnJlbD0wJm1vZGVzdGJyYW5kaW5nPTAmY2NfbG9hZF9wb2xpY3k9MCIsImF1dG9wbGF5IjoiIiwibW9kYWxPcHRpb25zIjp7ImlkIjoiZWxlbWVudG9yLWxpZ2h0Ym94LTBkM2Y0Y2QiLCJlbnRyYW5jZUFuaW1hdGlvbiI6IiIsImVudHJhbmNlQW5pbWF0aW9uX3RhYmxldCI6IiIsImVudHJhbmNlQW5pbWF0aW9uX21vYmlsZSI6IiIsInZpZGVvQXNwZWN0UmF0aW8iOiIxNjkifX0%3D\">\n\t\t\t\t\t\t\t\t\t\t\t<img fetchpriority=\"high\" decoding=\"async\" width=\"900\" height=\"600\" src=\"https:\/\/5mb.com.br\/cincomb\/wp-content\/uploads\/2021\/10\/image724.png\" class=\"attachment-full size-full wp-image-54\" alt=\"\" srcset=\"https:\/\/5mb.com.br\/cincomb\/wp-content\/uploads\/2021\/10\/image724.png 900w, https:\/\/5mb.com.br\/cincomb\/wp-content\/uploads\/2021\/10\/image724-300x200.png 300w, https:\/\/5mb.com.br\/cincomb\/wp-content\/uploads\/2021\/10\/image724-768x512.png 768w\" sizes=\"(max-width: 900px) 100vw, 900px\" \/>\t\t\t\t\t\t\t\t\t\t\t\t\t\t\t\t<div class=\"elementor-custom-embed-play\" role=\"button\" aria-label=\"Reproduzir v\u00eddeo\" tabindex=\"0\">\n\t\t\t\t\t\t\t<i aria-hidden=\"true\" class=\"eicon-play\"><\/i>\t\t\t\t\t\t<\/div>\n\t\t\t\t\t\t\t\t\t<\/div>\n\t\t\t\t\t<\/div>\n\t\t\t\t\t\t<\/div>\n\t\t\t\t<\/div>\n\t\t\t\t\t<\/div>\n\t\t<\/div>\n\t\t\t\t\t<\/div>\n\t\t<\/section>\n\t\t\t\t<\/div>\n\t\t","protected":false},"excerpt":{"rendered":"<p>PLATAFORMA REFLEXO Lances Autom\u00e1ticos Portais: Licita\u00e7\u00f5es-e, ComprasNet, BLL Compras, BNC Compras, Compras P\u00fablicas, Compras-RS, Banrisul e Procergs Seja mais r\u00e1pido e preciso nos seus lances; Participe de processos eletr\u00f4nicos em alta performance; O sistema calcula e envia seu pr\u00f3ximo lance automaticamente; Disputa por posi\u00e7\u00e3o intermedi\u00e1ria; Cadastramento antecipado dos valores m\u00ednimos; Envie seus lances sem o [&hellip;]<\/p>\n","protected":false},"author":1,"featured_media":0,"parent":0,"menu_order":0,"comment_status":"closed","ping_status":"closed","template":"elementor_header_footer","meta":{"footnotes":""},"class_list":["post-13","page","type-page","status-publish","hentry"],"_links":{"self":[{"href":"https:\/\/5mb.com.br\/cincomb\/wp-json\/wp\/v2\/pages\/13","targetHints":{"allow":["GET"]}}],"collection":[{"href":"https:\/\/5mb.com.br\/cincomb\/wp-json\/wp\/v2\/pages"}],"about":[{"href":"https:\/\/5mb.com.br\/cincomb\/wp-json\/wp\/v2\/types\/page"}],"author":[{"embeddable":true,"href":"https:\/\/5mb.com.br\/cincomb\/wp-json\/wp\/v2\/users\/1"}],"replies":[{"embeddable":true,"href":"https:\/\/5mb.com.br\/cincomb\/wp-json\/wp\/v2\/comments?post=13"}],"version-history":[{"count":418,"href":"https:\/\/5mb.com.br\/cincomb\/wp-json\/wp\/v2\/pages\/13\/revisions"}],"predecessor-version":[{"id":1665,"href":"https:\/\/5mb.com.br\/cincomb\/wp-json\/wp\/v2\/pages\/13\/revisions\/1665"}],"wp:attachment":[{"href":"https:\/\/5mb.com.br\/cincomb\/wp-json\/wp\/v2\/media?parent=13"}],"curies":[{"name":"wp","href":"https:\/\/api.w.org\/{rel}","templated":true}]}}